{"id":387,"date":"2023-02-14T08:01:32","date_gmt":"2023-02-14T08:01:32","guid":{"rendered":"https:\/\/nanocintech.com\/?post_type=product&#038;p=387"},"modified":"2024-06-17T15:41:53","modified_gmt":"2024-06-17T15:41:53","slug":"conductive-inks","status":"publish","type":"product","link":"https:\/\/nanocintech.com\/es\/producto\/conductive-inks\/","title":{"rendered":"<p>Water-based Conductive Inks (Conductivity (S\/m): &gt; 10^6)<\/p>"},"content":{"rendered":"<div class=\"vc_custom_heading_wrap\">\n<div class=\"heading-text el-text\">\n<h3 class=\"h3\">\u00bfQu\u00e9 Son Las Tintas Conductoras de Plata?<\/h3>\n<\/div>\n<div class=\"uncode_text_column\">\n<p><strong>La tinta conductora de plata para impresi\u00f3n<\/strong>, es una combinaci\u00f3n de part\u00edculas de plata recubiertas de pol\u00edmero y compuestos a base de plata en medios org\u00e1nicos o acuosos.<\/p>\n<p>Nano Cintech ahora es capaz de producir tintas conductoras de plata con diez veces menos cantidad de plata que nuestra competencia. Nuestras nanotintas conductoras mantienen las mismas propiedades t\u00e9cnicas y el\u00e9ctricas a un precio inferior, lo que da una considerable ventaja a nuestras tintas. Adem\u00e1s, el uso de agua como disolvente respetuoso con el medioambiente nos permite aplicar una temperatura de secado baja y reducir el tiempo de producci\u00f3n.<\/p>\n<p>Se trata de una tinta conductora de bajo coste que puede imprimirse en diversos sustratos, como poli\u00e9ster, vidrio y \u00f3xido de indio y esta\u00f1o (ITO), que puede secarse a baja temperatura y que resulta \u00fatil para sustratos resistentes a las bajas temperaturas.<\/p>\n<\/div><p>Product Code: WCI-STSP<\/p><\/div>","protected":false},"excerpt":{"rendered":"<p><strong>Water-based Conductive Inks to print Semi-transparent line\/area with Screen Printing (Conductivity (S\/m): &gt; 106)<\/strong><p>High viscous Conductive Ink<br>\nWater Based Silver Conductive Inks<br>\nConductive fillers: Silver Nanowire<br>\nRecommend process:&nbsp; Screen Printing<\/p><p>This product is ready-to-use Water based Conductive Ink for screen printing that can be used to print Semi-transparent lines and\/or fabricate Semi-Transparent Conductive Film. &nbsp;The substrate that can be used for these inks includes glass, PET,&nbsp;PMMA, PC, PI, PEI, etc.<\/p><p>This product can be used to fabricate Transparent Heaters.<\/p><\/p>","protected":false},"featured_media":399,"template":"","meta":[],"product_cat":[32],"product_tag":[],"class_list":{"0":"post-387","1":"product","2":"type-product","3":"status-publish","4":"has-post-thumbnail","6":"product_cat-inks","7":"product_shipping_class-all","9":"first","10":"instock","11":"taxable","12":"shipping-taxable","13":"purchasable","14":"product-type-variable"},"jetpack_sharing_enabled":true,"_links":{"self":[{"href":"https:\/\/nanocintech.com\/es\/wp-json\/wp\/v2\/product\/387","targetHints":{"allow":["GET"]}}],"collection":[{"href":"https:\/\/nanocintech.com\/es\/wp-json\/wp\/v2\/product"}],"about":[{"href":"https:\/\/nanocintech.com\/es\/wp-json\/wp\/v2\/types\/product"}],"wp:featuredmedia":[{"embeddable":true,"href":"https:\/\/nanocintech.com\/es\/wp-json\/wp\/v2\/media\/399"}],"wp:attachment":[{"href":"https:\/\/nanocintech.com\/es\/wp-json\/wp\/v2\/media?parent=387"}],"wp:term":[{"taxonomy":"product_cat","embeddable":true,"href":"https:\/\/nanocintech.com\/es\/wp-json\/wp\/v2\/product_cat?post=387"},{"taxonomy":"product_tag","embeddable":true,"href":"https:\/\/nanocintech.com\/es\/wp-json\/wp\/v2\/product_tag?post=387"}],"curies":[{"name":"wp","href":"https:\/\/api.w.org\/{rel}","templated":true}]}}