{"id":185,"date":"2020-01-15T16:44:02","date_gmt":"2020-01-15T16:44:02","guid":{"rendered":"https:\/\/nanocintech.wpengine.com\/?page_id=185"},"modified":"2020-06-03T10:25:07","modified_gmt":"2020-06-03T10:25:07","slug":"legal-policy","status":"publish","type":"page","link":"https:\/\/nanocintech.com\/es\/legal-policy\/","title":{"rendered":"<p>Aviso Legal<\/p>"},"content":{"rendered":"<div class=\"wpb-content-wrapper\"><div data-parent=\"true\"  class=\"vc_row row-container\" id=\"row-unique-0\"><div class=\"row limit-width row-parent\"><div class=\"wpb_row row-inner\"><div class=\"wpb_column pos-top pos-center align_left column_parent col-lg-12 single-internal-gutter\"><div class=\"uncol style-light\"><div class=\"uncoltable\"><div class=\"uncell no-block-padding\"><div class=\"uncont\"><div class=\"empty-space empty-quart\"><span class=\"empty-space-inner\"><\/span><\/div>\n<\/div><\/div><\/div><\/div><\/div><script id=\"script-row-unique-0\"  data-row=\"script-row-unique-0\"  type=\"text\/javascript\"  class=\"vc_controls\">UNCODE.initRow(document.getElementById(\"row-unique-0\"));<\/script><\/div><\/div><\/div><div data-parent=\"true\"  class=\"vc_row row-container\"  id=\"row-unique-1\"><div class=\"row limit-width row-parent\"><div class=\"wpb_row row-inner\"><div class=\"wpb_column pos-top pos-center align_left column_parent col-lg-12 single-internal-gutter\"><div class=\"uncol style-light\"><div class=\"uncoltable\"><div class=\"uncell no-block-padding\"><div class=\"uncont\"><div class=\"uncode_text_column\">\n<h2 class=\"wp-block-heading\"><strong>Aviso Legal<\/strong><\/h2>\n<p>Nano Cintech S.L., con CIF\/NIF: B88516943 y direcci\u00f3n en: C\/ Ca\u00f1ada, 15, 28860 - Paracuellos Del Jarama (Madrid), no puede asumir ninguna responsabilidad derivada del uso incorrecto, inapropiado o il\u00edcito de la informaci\u00f3n aparecida en las p\u00e1ginas web de: <a href=\"http:\/\/www.dreamglassgroup.com\/\">https:\/\/www.nanocintech.com<\/a><\/p>\n<p>Que Nano Cintech S.L consta inscrita en el Registro Mercantil de Madrid en Tomo 39832. Folio 60. Hoja M-707675 Inscripci\u00f3n 1a.<\/p>\n<p>Con los l\u00edmites establecidos en la ley, Nano Cintech S.L no asume ninguna responsabilidad derivada de la falta de veracidad, integridad, actualizaci\u00f3n y precisi\u00f3n de los datos o informacio\\nes que contienen sus p\u00e1ginas web.<\/p>\n<p>Los contenidos e informaci\u00f3n no vinculan a Nano Cintech S.L. ni constituyen opiniones, consejos o asesoramiento legal de ning\u00fan tipo pues se trata meramente de un servicio ofrecido con car\u00e1cter informativo y divulgativo.<\/p>\n<p>Las p\u00e1ginas de Internet de Nano CIntech S.L. pueden contener enlaces (links) a otras p\u00e1ginas de terceras partes que Nano CIntech S.L. no puede controlar. Por lo tanto, Nano CIntech S.L. no puede asumir responsabilidades por el contenido que pueda aparecer en p\u00e1ginas de terceros.<\/p>\n<p>Los textos, im\u00e1genes, sonidos, animaciones, software y el resto de contenidos incluidos en este website son propiedad exclusiva de Nano CIntech S.L. o sus licenciantes. Cualquier acto de transmisi\u00f3n, distribuci\u00f3n, cesi\u00f3n, reproducci\u00f3n, almacenamiento o comunicaci\u00f3n p\u00fablica total o parcial, deber\u00e1 contar con el consentimiento expreso de Nano CIntech S.L.<\/p>\n<p>Asimismo, para acceder a algunos de los servicios que Nano CIntech S.L. ofrece a trav\u00e9s del sitio web, deber\u00e1 proporcionar algunos datos de car\u00e1cter personal.<\/p>\n<p>En cumplimiento de lo establecido en el Reglamento (UE) 2016\/679 del Parlamento Europeo y del Consejo, de 27 de abril de 2016, relativo a la protecci\u00f3n de las personas f\u00edsicas en lo que respecta al tratamiento de datos personales y a la libre circulaci\u00f3n de estos datos le informamos que, mediante la cumplimentaci\u00f3n de los presentes formularios, sus datos personales quedar\u00e1n incorporados y ser\u00e1n tratados en los ficheros de Nano CIntech S.L. con el fin de poderle prestar y ofrecer nuestros servicios as\u00ed como para informarle de las mejoras del sitio Web.<\/p>\n<p>Le informamos tambi\u00e9n de que tendr\u00e1 la posibilidad en todo momento de ejercer los derechos de acceso, rectificaci\u00f3n, cancelaci\u00f3n, oposici\u00f3n, limitaci\u00f3n y portabilidad de sus datos de car\u00e1cter personal, de manera gratuita mediante email a: <a href=\"mailto:info@dreamglassgroup.com\">info@nanocintech.com <\/a>o en la direcci\u00f3n: C\/ Ca\u00f1ada, 15, 28860 - Paracuellos Del Jarama (Madrid).<\/p>\n<p>\n<\/p><\/div><\/div><\/div><\/div><\/div><\/div><script id=\"script-row-unique-1\"  data-row=\"script-row-unique-1\"  type=\"text\/javascript\"  class=\"vc_controls\">UNCODE.initRow(document.getElementById(\"row-unique-1\"));<\/script><\/div><\/div><\/div><div data-parent=\"true\"  class=\"vc_row row-container\"  id=\"row-unique-2\"><div class=\"row limit-width row-parent\"><div class=\"wpb_row row-inner\"><div class=\"wpb_column pos-top pos-center align_left column_parent col-lg-12 single-internal-gutter\"><div class=\"uncol style-light\"><div class=\"uncoltable\"><div class=\"uncell no-block-padding\"><div class=\"uncont\"><div class=\"empty-space empty-quart\"><span class=\"empty-space-inner\"><\/span><\/div>\n<\/div><\/div><\/div><\/div><\/div><script id=\"script-row-unique-2\"  data-row=\"script-row-unique-2\"  type=\"text\/javascript\"  class=\"vc_controls\">UNCODE.initRow(document.getElementById(\"row-unique-2\"));<\/script><\/div><\/div><\/div>\n<\/div>","protected":false},"excerpt":{"rendered":"<p>Legal Policy Nano Cintech S.L., with CIF\/NIF: B88516943 and address in: C\/ Canada, 15, 28860 ? Paracuellos Del Jarama (Madrid), [...]<\/p>","protected":false},"author":2,"featured_media":0,"parent":0,"menu_order":0,"comment_status":"closed","ping_status":"closed","template":"","meta":{"footnotes":""},"class_list":["post-185","page","type-page","status-publish","hentry"],"jetpack_sharing_enabled":true,"_links":{"self":[{"href":"https:\/\/nanocintech.com\/es\/wp-json\/wp\/v2\/pages\/185","targetHints":{"allow":["GET"]}}],"collection":[{"href":"https:\/\/nanocintech.com\/es\/wp-json\/wp\/v2\/pages"}],"about":[{"href":"https:\/\/nanocintech.com\/es\/wp-json\/wp\/v2\/types\/page"}],"author":[{"embeddable":true,"href":"https:\/\/nanocintech.com\/es\/wp-json\/wp\/v2\/users\/2"}],"replies":[{"embeddable":true,"href":"https:\/\/nanocintech.com\/es\/wp-json\/wp\/v2\/comments?post=185"}],"version-history":[{"count":0,"href":"https:\/\/nanocintech.com\/es\/wp-json\/wp\/v2\/pages\/185\/revisions"}],"wp:attachment":[{"href":"https:\/\/nanocintech.com\/es\/wp-json\/wp\/v2\/media?parent=185"}],"curies":[{"name":"wp","href":"https:\/\/api.w.org\/{rel}","templated":true}]}}